{"id":354,"date":"2021-12-09T01:07:29","date_gmt":"2021-12-09T00:07:29","guid":{"rendered":"https:\/\/washingrome.com\/nuestros-servicios\/"},"modified":"2022-09-02T15:33:18","modified_gmt":"2022-09-02T13:33:18","slug":"nuestros-servicios","status":"publish","type":"page","link":"https:\/\/www.washingrome.com\/es\/nuestros-servicios\/","title":{"rendered":"Nuestros Servicios"},"content":{"rendered":"\t\t<div data-elementor-type=\"wp-page\" data-elementor-id=\"354\" class=\"elementor elementor-354 elementor-51\">\n\t\t\t\t\t\t\t\t\t<section class=\"elementor-section elementor-top-section elementor-element elementor-element-56a418e7 elementor-section-boxed elementor-section-height-default elementor-section-height-default\" data-id=\"56a418e7\" data-element_type=\"section\" data-settings=\"{&quot;background_background&quot;:&quot;classic&quot;}\">\n\t\t\t\t\t\t\t<div class=\"elementor-background-overlay\"><\/div>\n\t\t\t\t\t\t\t<div class=\"elementor-container elementor-column-gap-default\">\n\t\t\t\t\t<div class=\"elementor-column elementor-col-100 elementor-top-column elementor-element elementor-element-1fd166e8\" data-id=\"1fd166e8\" data-element_type=\"column\">\n\t\t\t<div class=\"elementor-widget-wrap elementor-element-populated\">\n\t\t\t\t\t\t\t\t<div class=\"elementor-element elementor-element-1e95e41b elementor-invisible elementor-widget elementor-widget-heading\" data-id=\"1e95e41b\" data-element_type=\"widget\" data-settings=\"{&quot;_animation&quot;:&quot;fadeInLeft&quot;}\" data-widget_type=\"heading.default\">\n\t\t\t\t<div class=\"elementor-widget-container\">\n\t\t\t<style>\/*! elementor - v3.11.5 - 14-03-2023 *\/\n.elementor-heading-title{padding:0;margin:0;line-height:1}.elementor-widget-heading .elementor-heading-title[class*=elementor-size-]>a{color:inherit;font-size:inherit;line-height:inherit}.elementor-widget-heading .elementor-heading-title.elementor-size-small{font-size:15px}.elementor-widget-heading .elementor-heading-title.elementor-size-medium{font-size:19px}.elementor-widget-heading .elementor-heading-title.elementor-size-large{font-size:29px}.elementor-widget-heading .elementor-heading-title.elementor-size-xl{font-size:39px}.elementor-widget-heading .elementor-heading-title.elementor-size-xxl{font-size:59px}<\/style><h1 class=\"elementor-heading-title elementor-size-default\">Nuestros Servicios<\/h1>\t\t<\/div>\n\t\t\t\t<\/div>\n\t\t\t\t\t<\/div>\n\t\t<\/div>\n\t\t\t\t\t\t\t<\/div>\n\t\t<\/section>\n\t\t\t\t<section class=\"elementor-section elementor-top-section elementor-element elementor-element-b1c920f elementor-reverse-tablet elementor-section-boxed elementor-section-height-default elementor-section-height-default\" data-id=\"b1c920f\" data-element_type=\"section\" data-settings=\"{&quot;background_background&quot;:&quot;classic&quot;}\">\n\t\t\t\t\t\t\t<div class=\"elementor-background-overlay\"><\/div>\n\t\t\t\t\t\t\t<div class=\"elementor-container elementor-column-gap-default\">\n\t\t\t\t\t<div class=\"elementor-column elementor-col-50 elementor-top-column elementor-element elementor-element-4146bf3f elementor-invisible\" data-id=\"4146bf3f\" data-element_type=\"column\" data-settings=\"{&quot;background_background&quot;:&quot;classic&quot;,&quot;animation&quot;:&quot;fadeInRight&quot;}\">\n\t\t\t<div class=\"elementor-widget-wrap elementor-element-populated\">\n\t\t\t\t\t<div class=\"elementor-background-overlay\"><\/div>\n\t\t\t\t\t\t\t\t<div class=\"elementor-element elementor-element-4b1183d5 elementor-widget elementor-widget-heading\" data-id=\"4b1183d5\" data-element_type=\"widget\" data-widget_type=\"heading.default\">\n\t\t\t\t<div class=\"elementor-widget-container\">\n\t\t\t<h4 class=\"elementor-heading-title elementor-size-default\">Datos de contacto<\/h4>\t\t<\/div>\n\t\t\t\t<\/div>\n\t\t\t\t<div class=\"elementor-element elementor-element-5ff55e5c elementor-icon-list--layout-traditional elementor-list-item-link-full_width elementor-widget elementor-widget-icon-list\" data-id=\"5ff55e5c\" data-element_type=\"widget\" data-widget_type=\"icon-list.default\">\n\t\t\t\t<div class=\"elementor-widget-container\">\n\t\t\t<link rel=\"stylesheet\" href=\"https:\/\/www.washingrome.com\/wp-content\/plugins\/elementor\/assets\/css\/widget-icon-list.min.css\">\t\t<ul class=\"elementor-icon-list-items\">\n\t\t\t\t\t\t\t<li class=\"elementor-icon-list-item\">\n\t\t\t\t\t\t\t\t\t\t\t<a href=\"mailto:info@washingrome.com\">\n\n\t\t\t\t\t\t\t\t\t\t\t\t<span class=\"elementor-icon-list-icon\">\n\t\t\t\t\t\t\t<i aria-hidden=\"true\" class=\"fas fa-envelope\"><\/i>\t\t\t\t\t\t<\/span>\n\t\t\t\t\t\t\t\t\t\t<span class=\"elementor-icon-list-text\">info@washingrome.com<\/span>\n\t\t\t\t\t\t\t\t\t\t\t<\/a>\n\t\t\t\t\t\t\t\t\t<\/li>\n\t\t\t\t\t\t\t\t<li class=\"elementor-icon-list-item\">\n\t\t\t\t\t\t\t\t\t\t\t<a href=\"tel:+393290172590\">\n\n\t\t\t\t\t\t\t\t\t\t\t\t<span class=\"elementor-icon-list-icon\">\n\t\t\t\t\t\t\t<i aria-hidden=\"true\" class=\"fas fa-phone-alt\"><\/i>\t\t\t\t\t\t<\/span>\n\t\t\t\t\t\t\t\t\t\t<span class=\"elementor-icon-list-text\">+39 329 017 25 90<\/span>\n\t\t\t\t\t\t\t\t\t\t\t<\/a>\n\t\t\t\t\t\t\t\t\t<\/li>\n\t\t\t\t\t\t<\/ul>\n\t\t\t\t<\/div>\n\t\t\t\t<\/div>\n\t\t\t\t<div class=\"elementor-element elementor-element-95b2d22 elementor-align-center elementor-widget elementor-widget-button\" data-id=\"95b2d22\" data-element_type=\"widget\" data-widget_type=\"button.default\">\n\t\t\t\t<div class=\"elementor-widget-container\">\n\t\t\t\t\t<div class=\"elementor-button-wrapper\">\n\t\t\t<a href=\"https:\/\/washingrome.com\/es\/reservar-ahora\/\" class=\"elementor-button-link elementor-button elementor-size-md\" role=\"button\">\n\t\t\t\t\t\t<span class=\"elementor-button-content-wrapper\">\n\t\t\t\t\t\t\t<span class=\"elementor-button-icon elementor-align-icon-left\">\n\t\t\t\t<i aria-hidden=\"true\" class=\"far fa-envelope\"><\/i>\t\t\t<\/span>\n\t\t\t\t\t\t<span class=\"elementor-button-text\">Reservar ahora<\/span>\n\t\t<\/span>\n\t\t\t\t\t<\/a>\n\t\t<\/div>\n\t\t\t\t<\/div>\n\t\t\t\t<\/div>\n\t\t\t\t\t<\/div>\n\t\t<\/div>\n\t\t\t\t<div class=\"elementor-column elementor-col-50 elementor-top-column elementor-element elementor-element-147294bb elementor-invisible\" data-id=\"147294bb\" data-element_type=\"column\" data-settings=\"{&quot;background_background&quot;:&quot;classic&quot;,&quot;animation&quot;:&quot;fadeIn&quot;,&quot;animation_delay&quot;:240}\">\n\t\t\t<div class=\"elementor-widget-wrap elementor-element-populated\">\n\t\t\t\t\t\t\t\t<div class=\"elementor-element elementor-element-3c9015c8 elementor-widget elementor-widget-heading\" data-id=\"3c9015c8\" data-element_type=\"widget\" data-widget_type=\"heading.default\">\n\t\t\t\t<div class=\"elementor-widget-container\">\n\t\t\t<h6 class=\"elementor-heading-title elementor-size-default\">Washing Service Rome<\/h6>\t\t<\/div>\n\t\t\t\t<\/div>\n\t\t\t\t<div class=\"elementor-element elementor-element-1d6ef2c6 elementor-widget elementor-widget-heading\" data-id=\"1d6ef2c6\" data-element_type=\"widget\" data-widget_type=\"heading.default\">\n\t\t\t\t<div class=\"elementor-widget-container\">\n\t\t\t<h2 class=\"elementor-heading-title elementor-size-default\">\u00a1Simplemente entr\u00e9guenos las prendas para lavar y nosotros nos ocupamos del resto!<\/h2>\t\t<\/div>\n\t\t\t\t<\/div>\n\t\t\t\t<section class=\"elementor-section elementor-inner-section elementor-element elementor-element-adc40c9 elementor-section-boxed elementor-section-height-default elementor-section-height-default\" data-id=\"adc40c9\" data-element_type=\"section\">\n\t\t\t\t\t\t<div class=\"elementor-container elementor-column-gap-default\">\n\t\t\t\t\t<div class=\"elementor-column elementor-col-100 elementor-inner-column elementor-element elementor-element-0c8f2e2\" data-id=\"0c8f2e2\" data-element_type=\"column\">\n\t\t\t<div class=\"elementor-widget-wrap elementor-element-populated\">\n\t\t\t\t\t\t\t\t<div class=\"elementor-element elementor-element-22b561b elementor-widget elementor-widget-image\" data-id=\"22b561b\" data-element_type=\"widget\" data-widget_type=\"image.default\">\n\t\t\t\t<div class=\"elementor-widget-container\">\n\t\t\t<style>\/*! elementor - v3.11.5 - 14-03-2023 *\/\n.elementor-widget-image{text-align:center}.elementor-widget-image a{display:inline-block}.elementor-widget-image a img[src$=\".svg\"]{width:48px}.elementor-widget-image img{vertical-align:middle;display:inline-block}<\/style>\t\t\t\t\t\t\t\t\t\t\t\t<img loading=\"lazy\" decoding=\"async\" width=\"800\" height=\"533\" src=\"https:\/\/www.washingrome.com\/wp-content\/uploads\/2021\/12\/washing-rome-services.jpg\" class=\"attachment-large size-large wp-image-308\" alt=\"\" srcset=\"https:\/\/www.washingrome.com\/wp-content\/uploads\/2021\/12\/washing-rome-services.jpg 800w, https:\/\/www.washingrome.com\/wp-content\/uploads\/2021\/12\/washing-rome-services-300x200.jpg 300w, https:\/\/www.washingrome.com\/wp-content\/uploads\/2021\/12\/washing-rome-services-768x512.jpg 768w\" sizes=\"auto, (max-width: 800px) 100vw, 800px\" \/>\t\t\t\t\t\t\t\t\t\t\t\t\t\t\t<\/div>\n\t\t\t\t<\/div>\n\t\t\t\t\t<\/div>\n\t\t<\/div>\n\t\t\t\t\t\t\t<\/div>\n\t\t<\/section>\n\t\t\t\t<div class=\"elementor-element elementor-element-7d05517 elementor-widget elementor-widget-spacer\" data-id=\"7d05517\" data-element_type=\"widget\" data-widget_type=\"spacer.default\">\n\t\t\t\t<div class=\"elementor-widget-container\">\n\t\t\t<style>\/*! elementor - v3.11.5 - 14-03-2023 *\/\n.elementor-column .elementor-spacer-inner{height:var(--spacer-size)}.e-con{--container-widget-width:100%}.e-con-inner>.elementor-widget-spacer,.e-con>.elementor-widget-spacer{width:var(--container-widget-width,var(--spacer-size));--align-self:var(--container-widget-align-self,initial);--flex-shrink:0}.e-con-inner>.elementor-widget-spacer>.elementor-widget-container,.e-con-inner>.elementor-widget-spacer>.elementor-widget-container>.elementor-spacer,.e-con>.elementor-widget-spacer>.elementor-widget-container,.e-con>.elementor-widget-spacer>.elementor-widget-container>.elementor-spacer{height:100%}.e-con-inner>.elementor-widget-spacer>.elementor-widget-container>.elementor-spacer>.elementor-spacer-inner,.e-con>.elementor-widget-spacer>.elementor-widget-container>.elementor-spacer>.elementor-spacer-inner{height:var(--container-widget-height,var(--spacer-size))}<\/style>\t\t<div class=\"elementor-spacer\">\n\t\t\t<div class=\"elementor-spacer-inner\"><\/div>\n\t\t<\/div>\n\t\t\t\t<\/div>\n\t\t\t\t<\/div>\n\t\t\t\t<section class=\"elementor-section elementor-inner-section elementor-element elementor-element-aef51ce elementor-section-boxed elementor-section-height-default elementor-section-height-default\" data-id=\"aef51ce\" data-element_type=\"section\">\n\t\t\t\t\t\t<div class=\"elementor-container elementor-column-gap-default\">\n\t\t\t\t\t<div class=\"elementor-column elementor-col-100 elementor-inner-column elementor-element elementor-element-08aeded\" data-id=\"08aeded\" data-element_type=\"column\">\n\t\t\t<div class=\"elementor-widget-wrap elementor-element-populated\">\n\t\t\t\t\t\t\t\t<div class=\"elementor-element elementor-element-8511faa elementor-widget elementor-widget-text-editor\" data-id=\"8511faa\" data-element_type=\"widget\" data-widget_type=\"text-editor.default\">\n\t\t\t\t<div class=\"elementor-widget-container\">\n\t\t\t<style>\/*! elementor - v3.11.5 - 14-03-2023 *\/\n.elementor-widget-text-editor.elementor-drop-cap-view-stacked .elementor-drop-cap{background-color:#818a91;color:#fff}.elementor-widget-text-editor.elementor-drop-cap-view-framed .elementor-drop-cap{color:#818a91;border:3px solid;background-color:transparent}.elementor-widget-text-editor:not(.elementor-drop-cap-view-default) .elementor-drop-cap{margin-top:8px}.elementor-widget-text-editor:not(.elementor-drop-cap-view-default) .elementor-drop-cap-letter{width:1em;height:1em}.elementor-widget-text-editor .elementor-drop-cap{float:left;text-align:center;line-height:1;font-size:50px}.elementor-widget-text-editor .elementor-drop-cap-letter{display:inline-block}<\/style>\t\t\t\t<div><p><strong>Satisfacemos sus necesidades con nuestro servicio de lavander\u00eda<\/strong><br>Hacemos el trabajo por usted, lo \u00fanico que debe hacer, es dejarnos su ropa sucia&#8230;<\/p>\n<p>Podemos ofrecer nuestro servicio a todos los hoteles y alojamientos de todo Roma.<\/p>\n<p>Precio por el servicio de lavado y secado:<\/p>\n<p><strong>\u00a1BOLSA DE 7 KILOS \u20ac 25!<br>PEDIDO M\u00cdNIMO 10 BOLSAS<\/strong><\/p>\n<p>Ofrecemos el servicio de lavado y secado; el planchado est\u00e1 disponible a un coste adicional.<\/p>\n<\/div>\n<p><strong>\u00a1\u00a1OPERADORES TUR\u00cdSTICOS Y CONDUCTORES GRATIS!!<\/strong><em><strong><br><\/strong><\/em><\/p>\n<p><i><u>INCLUIDOS EL PLANCHADO Y LA LIMPIEZA EN SECO<\/u> (5 PRENDAS)<\/i><\/p>\t\t\t\t\t\t<\/div>\n\t\t\t\t<\/div>\n\t\t\t\t\t<\/div>\n\t\t<\/div>\n\t\t\t\t\t\t\t<\/div>\n\t\t<\/section>\n\t\t\t\t<div class=\"elementor-element elementor-element-33fe54f elementor-widget elementor-widget-spacer\" data-id=\"33fe54f\" data-element_type=\"widget\" data-widget_type=\"spacer.default\">\n\t\t\t\t<div class=\"elementor-widget-container\">\n\t\t\t\t\t<div class=\"elementor-spacer\">\n\t\t\t<div class=\"elementor-spacer-inner\"><\/div>\n\t\t<\/div>\n\t\t\t\t<\/div>\n\t\t\t\t<\/div>\n\t\t\t\t<section class=\"elementor-section elementor-inner-section elementor-element elementor-element-b7d9bd5 elementor-section-boxed elementor-section-height-default elementor-section-height-default\" data-id=\"b7d9bd5\" data-element_type=\"section\">\n\t\t\t\t\t\t<div class=\"elementor-container elementor-column-gap-default\">\n\t\t\t\t\t<div class=\"elementor-column elementor-col-100 elementor-inner-column elementor-element elementor-element-dc74b2b\" data-id=\"dc74b2b\" data-element_type=\"column\">\n\t\t\t<div class=\"elementor-widget-wrap elementor-element-populated\">\n\t\t\t\t\t\t\t\t<div class=\"elementor-element elementor-element-dab26d3 elementor-widget elementor-widget-heading\" data-id=\"dab26d3\" data-element_type=\"widget\" data-widget_type=\"heading.default\">\n\t\t\t\t<div class=\"elementor-widget-container\">\n\t\t\t<h3 class=\"elementor-heading-title elementor-size-default\">Rome Service Wash Informaci\u00f3n y Procedimiento<\/h3>\t\t<\/div>\n\t\t\t\t<\/div>\n\t\t\t\t<div class=\"elementor-element elementor-element-2695470 elementor-widget elementor-widget-text-editor\" data-id=\"2695470\" data-element_type=\"widget\" data-widget_type=\"text-editor.default\">\n\t\t\t\t<div class=\"elementor-widget-container\">\n\t\t\t\t\t\t\t<p>El TD puede llamarnos o enviarnos un mensaje de texto al +393290172590, escribirnos a trav\u00e9s de nuestro sitio web, p\u00e1gina de facebook o twitter \u00abwashing rome\u00bb como m\u00ednimo un d\u00eda antes de la llegada a Roma, indicando:<br \/>\nNombre del TD, C\u00f3digo del Tour, Hotel y Fecha de llegada<\/p>\n<p>Dejaremos bolsas para la ropa para que los clientes las recojan cuando realizan el check in en el hotel. Los clientes deben escribir en las bolsas el nombre y el n\u00famero de habitaci\u00f3n de forma legible.<\/p>\n<p>Se entregar\u00e1 la ropa lavada a las 21:00 o por la ma\u00f1ana el d\u00eda de la partida. Dejaremos la factura detallada para que el TD realice el pago (en lugar de los clientes)<\/p>\n\t\t\t\t\t\t<\/div>\n\t\t\t\t<\/div>\n\t\t\t\t\t<\/div>\n\t\t<\/div>\n\t\t\t\t\t\t\t<\/div>\n\t\t<\/section>\n\t\t\t\t\t<\/div>\n\t\t<\/div>\n\t\t\t\t\t\t\t<\/div>\n\t\t<\/section>\n\t\t\t\t\t\t\t<\/div>\n\t\t","protected":false},"excerpt":{"rendered":"<p>Datos de contacto info@washingrome.com +39 329 017 25 90 Reservar ahora Washing Service Rome \u00a1Simplemente entr\u00e9guenos las prendas para lavar y nosotros nos ocupamos del resto! Satisfacemos sus necesidades con nuestro servicio de lavander\u00edaHacemos el trabajo por usted, lo \u00fanico que debe hacer, es dejarnos su ropa sucia&#8230; Podemos ofrecer nuestro servicio a todos los [&hellip;]<\/p>\n","protected":false},"author":1,"featured_media":0,"parent":0,"menu_order":0,"comment_status":"closed","ping_status":"closed","template":"elementor_header_footer","meta":{"footnotes":""},"class_list":["post-354","page","type-page","status-publish","hentry"],"yoast_head":"<!-- This site is optimized with the Yoast SEO plugin v20.3 - https:\/\/yoast.com\/wordpress\/plugins\/seo\/ -->\n<title>Nuestros Servicios - Washing Rome Service<\/title>\n<meta name=\"robots\" content=\"index, follow, max-snippet:-1, max-image-preview:large, max-video-preview:-1\" \/>\n<link rel=\"canonical\" href=\"https:\/\/www.washingrome.com\/our-services\/\" \/>\n<meta property=\"og:locale\" content=\"es_ES\" \/>\n<meta property=\"og:type\" content=\"article\" \/>\n<meta property=\"og:title\" content=\"Nuestros Servicios - Washing Rome Service\" \/>\n<meta property=\"og:description\" content=\"Datos de contacto info@washingrome.com +39 329 017 25 90 Reservar ahora Washing Service Rome \u00a1Simplemente entr\u00e9guenos las prendas para lavar y nosotros nos ocupamos del resto! Satisfacemos sus necesidades con nuestro servicio de lavander\u00edaHacemos el trabajo por usted, lo \u00fanico que debe hacer, es dejarnos su ropa sucia&#8230; Podemos ofrecer nuestro servicio a todos los [&hellip;]\" \/>\n<meta property=\"og:url\" content=\"https:\/\/www.washingrome.com\/our-services\/\" \/>\n<meta property=\"og:site_name\" content=\"Washing Rome Service\" \/>\n<meta property=\"article:modified_time\" content=\"2022-09-02T13:33:18+00:00\" \/>\n<meta property=\"og:image\" content=\"https:\/\/www.washingrome.com\/wp-content\/uploads\/2021\/12\/washing-rome-services.jpg\" \/>\n<meta name=\"twitter:card\" content=\"summary_large_image\" \/>\n<meta name=\"twitter:label1\" content=\"Tiempo de lectura\" \/>\n\t<meta name=\"twitter:data1\" content=\"2 minutos\" \/>\n<script type=\"application\/ld+json\" class=\"yoast-schema-graph\">{\"@context\":\"https:\/\/schema.org\",\"@graph\":[{\"@type\":\"WebPage\",\"@id\":\"https:\/\/www.washingrome.com\/our-services\/\",\"url\":\"https:\/\/www.washingrome.com\/our-services\/\",\"name\":\"Nuestros Servicios - Washing Rome Service\",\"isPartOf\":{\"@id\":\"https:\/\/www.washingrome.com\/#website\"},\"datePublished\":\"2021-12-09T00:07:29+00:00\",\"dateModified\":\"2022-09-02T13:33:18+00:00\",\"breadcrumb\":{\"@id\":\"https:\/\/www.washingrome.com\/our-services\/#breadcrumb\"},\"inLanguage\":\"es\",\"potentialAction\":[{\"@type\":\"ReadAction\",\"target\":[\"https:\/\/www.washingrome.com\/our-services\/\"]}]},{\"@type\":\"BreadcrumbList\",\"@id\":\"https:\/\/www.washingrome.com\/our-services\/#breadcrumb\",\"itemListElement\":[{\"@type\":\"ListItem\",\"position\":1,\"name\":\"Home\",\"item\":\"https:\/\/www.washingrome.com\/\"},{\"@type\":\"ListItem\",\"position\":2,\"name\":\"Nuestros Servicios\"}]},{\"@type\":\"WebSite\",\"@id\":\"https:\/\/www.washingrome.com\/#website\",\"url\":\"https:\/\/www.washingrome.com\/\",\"name\":\"Washing Rome Service\",\"description\":\"\",\"potentialAction\":[{\"@type\":\"SearchAction\",\"target\":{\"@type\":\"EntryPoint\",\"urlTemplate\":\"https:\/\/www.washingrome.com\/?s={search_term_string}\"},\"query-input\":\"required name=search_term_string\"}],\"inLanguage\":\"es\"}]}<\/script>\n<!-- \/ Yoast SEO plugin. -->","yoast_head_json":{"title":"Nuestros Servicios - Washing Rome Service","robots":{"index":"index","follow":"follow","max-snippet":"max-snippet:-1","max-image-preview":"max-image-preview:large","max-video-preview":"max-video-preview:-1"},"canonical":"https:\/\/www.washingrome.com\/our-services\/","og_locale":"es_ES","og_type":"article","og_title":"Nuestros Servicios - Washing Rome Service","og_description":"Datos de contacto info@washingrome.com +39 329 017 25 90 Reservar ahora Washing Service Rome \u00a1Simplemente entr\u00e9guenos las prendas para lavar y nosotros nos ocupamos del resto! Satisfacemos sus necesidades con nuestro servicio de lavander\u00edaHacemos el trabajo por usted, lo \u00fanico que debe hacer, es dejarnos su ropa sucia&#8230; Podemos ofrecer nuestro servicio a todos los [&hellip;]","og_url":"https:\/\/www.washingrome.com\/our-services\/","og_site_name":"Washing Rome Service","article_modified_time":"2022-09-02T13:33:18+00:00","og_image":[{"url":"https:\/\/www.washingrome.com\/wp-content\/uploads\/2021\/12\/washing-rome-services.jpg"}],"twitter_card":"summary_large_image","twitter_misc":{"Tiempo de lectura":"2 minutos"},"schema":{"@context":"https:\/\/schema.org","@graph":[{"@type":"WebPage","@id":"https:\/\/www.washingrome.com\/our-services\/","url":"https:\/\/www.washingrome.com\/our-services\/","name":"Nuestros Servicios - Washing Rome Service","isPartOf":{"@id":"https:\/\/www.washingrome.com\/#website"},"datePublished":"2021-12-09T00:07:29+00:00","dateModified":"2022-09-02T13:33:18+00:00","breadcrumb":{"@id":"https:\/\/www.washingrome.com\/our-services\/#breadcrumb"},"inLanguage":"es","potentialAction":[{"@type":"ReadAction","target":["https:\/\/www.washingrome.com\/our-services\/"]}]},{"@type":"BreadcrumbList","@id":"https:\/\/www.washingrome.com\/our-services\/#breadcrumb","itemListElement":[{"@type":"ListItem","position":1,"name":"Home","item":"https:\/\/www.washingrome.com\/"},{"@type":"ListItem","position":2,"name":"Nuestros Servicios"}]},{"@type":"WebSite","@id":"https:\/\/www.washingrome.com\/#website","url":"https:\/\/www.washingrome.com\/","name":"Washing Rome Service","description":"","potentialAction":[{"@type":"SearchAction","target":{"@type":"EntryPoint","urlTemplate":"https:\/\/www.washingrome.com\/?s={search_term_string}"},"query-input":"required name=search_term_string"}],"inLanguage":"es"}]}},"_links":{"self":[{"href":"https:\/\/www.washingrome.com\/es\/wp-json\/wp\/v2\/pages\/354","targetHints":{"allow":["GET"]}}],"collection":[{"href":"https:\/\/www.washingrome.com\/es\/wp-json\/wp\/v2\/pages"}],"about":[{"href":"https:\/\/www.washingrome.com\/es\/wp-json\/wp\/v2\/types\/page"}],"author":[{"embeddable":true,"href":"https:\/\/www.washingrome.com\/es\/wp-json\/wp\/v2\/users\/1"}],"replies":[{"embeddable":true,"href":"https:\/\/www.washingrome.com\/es\/wp-json\/wp\/v2\/comments?post=354"}],"version-history":[{"count":7,"href":"https:\/\/www.washingrome.com\/es\/wp-json\/wp\/v2\/pages\/354\/revisions"}],"predecessor-version":[{"id":633,"href":"https:\/\/www.washingrome.com\/es\/wp-json\/wp\/v2\/pages\/354\/revisions\/633"}],"wp:attachment":[{"href":"https:\/\/www.washingrome.com\/es\/wp-json\/wp\/v2\/media?parent=354"}],"curies":[{"name":"wp","href":"https:\/\/api.w.org\/{rel}","templated":true}]}}